{"id":9,"date":"2022-06-21T12:51:54","date_gmt":"2022-06-21T12:51:54","guid":{"rendered":"http:\/\/www.digisaar.ee\/uus\/?page_id=9"},"modified":"2026-03-27T08:48:17","modified_gmt":"2026-03-27T08:48:17","slug":"9-2","status":"publish","type":"page","link":"https:\/\/www.digisaar.ee\/?page_id=9","title":{"rendered":"Esileht"},"content":{"rendered":"<p>[vc_row][vc_column]<div class=\"sc-dropcap sc-dropcap-shape-circle sc-dropcap-style-big\"><span class=\"sc-dropcap-letter\" style=\"background-color: #fed35b;\">D<\/span><\/div>[vc_column_text css_animation=&#8221;none&#8221;]<\/p>\n<h4>igiSaar on Saare maakonna omavalitsuste \u00fchisprojekt, mille eesm\u00e4rgiks on luua saarele kaasaegne IT-taristu, mis annab v\u00f5imaluse paremateks elu- ja t\u00f6\u00f6tingimusteks. Praeguse aja info\u00fchiskonnas on kvaliteetne ja kiire interneti\u00fchendus maapiirkondade konkurentsiv\u00f5ime ja hea elukeskkonna s\u00e4ilitamiseks oluline eeldus.<\/h4>\n<p>[\/vc_column_text][\/vc_column][\/vc_row][vc_row disable_element=&#8221;yes&#8221;][vc_column]<div class=\"clearboth\"><\/div><div class=\"sc-divider\" style=\"border-color: #000000;\"><\/div>[\/vc_column][\/vc_row][vc_row disable_element=&#8221;yes&#8221;][vc_column][\/vc_column][\/vc_row][vc_row][vc_column][vc_column_text]<\/p>\n<p>[\/vc_column_text][\/vc_column][\/vc_row][vc_row disable_element=&#8221;yes&#8221;][vc_column]<div class=\"fullwidth-block clearfix styled-marker-top\" style=\"background-color: #f1f5f8;background-repeat: no-repeat; background-size: cover;background-position: center top;background-attachment: fixed;padding-top: 10px;padding-bottom: 10px;padding-left: 25px;padding-right: 25px;\"><div class=\"container\">[vc_row_inner disable_element=&#8221;yes&#8221;][\/vc_row_inner][vc_column_inner width=&#8221;1\/4&#8243;]<div class=\"sc-icon-with-text sc-icon-with-text-icon-size-big centered-box\"><div class=\"sc-icon-with-text-icon\"><div class=\"sc-icon sc-icon-size-big angle-90deg sc-icon-shape-circle\" style=\"border: 2px solid #77cdc5;\"><span class=\"sc-icon-half-1\" style=\"color: #77cdc5;\"><span class=\"back-angle\">&#xe6dc;<\/span><\/span><span class=\"sc-icon-half-2\" style=\"color: #54abb8;\"><span class=\"back-angle\">&#xe6dc;<\/span><\/span><\/div><\/div><div class=\"sc-icon-with-text-content\"><div class=\"sc-icon-with-text-text\">[vc_column_text]<\/p>\n<div class=\"title-h5\">SUHTLUS<\/div>\n<p>DigiSaar \u00fchenduse kaudu on suhtlus pere ja s\u00f5pradega alati v\u00f5imalik ja lihtne. Viibigu nad siis k\u00f5rvalmajas v\u00f5i hoopis maakera kuklapoolel. Hea ja kvaliteetne \u00fchendus v\u00f5imaldab suhelda \u00fcksk\u00f5ik missugust tehnoloogilist viisi kasutades. K\u00f5ne, video v\u00f5i pilt j\u00f5uab alati kohale.<\/p>\n<p>[\/vc_column_text]<\/div><\/div><div class=\"clearboth\"><\/div><\/div>[\/vc_column_inner][vc_column_inner width=&#8221;1\/4&#8243;]<div class=\"sc-icon-with-text sc-icon-with-text-icon-size-big centered-box\"><div class=\"sc-icon-with-text-icon\"><div class=\"sc-icon sc-icon-size-big angle-90deg sc-icon-shape-circle\" style=\"border: 2px solid #ffa187;\"><span class=\"sc-icon-half-1\" style=\"color: #ffa187;\"><span class=\"back-angle\">&#xe6d2;<\/span><\/span><span class=\"sc-icon-half-2\" style=\"color: #fc7270;\"><span class=\"back-angle\">&#xe6d2;<\/span><\/span><\/div><\/div><div class=\"sc-icon-with-text-content\"><div class=\"sc-icon-with-text-text\">[vc_column_text]<\/p>\n<div class=\"title-h5\">T\u00d6\u00d6TAMINE<\/div>\n<p>DigiSaar v\u00f5rgu stabiilne ja kiire interneti\u00fchendus tagab inimestele paremad t\u00f6\u00f6tamis- ja \u00f5ppimisv\u00f5imalused \u2013 inimesed saavad teha kaugt\u00f6\u00f6d kodukontoris, osaleda interneti vahendusel loengutel ja seminaridel, teha koolit\u00f6id.<\/p>\n<p>[\/vc_column_text]<\/div><\/div><div class=\"clearboth\"><\/div><\/div>[\/vc_column_inner][vc_column_inner width=&#8221;1\/4&#8243;]<div class=\"sc-icon-with-text sc-icon-with-text-icon-size-big centered-box\"><div class=\"sc-icon-with-text-icon\"><div class=\"sc-icon sc-icon-size-big angle-90deg sc-icon-shape-circle\" style=\"border: 2px solid #aecad4;\"><span class=\"sc-icon-half-1\" style=\"color: #aecad4;\"><span class=\"back-angle\">&#xe6de;<\/span><\/span><span class=\"sc-icon-half-2\" style=\"color: #578cad;\"><span class=\"back-angle\">&#xe6de;<\/span><\/span><\/div><\/div><div class=\"sc-icon-with-text-content\"><div class=\"sc-icon-with-text-text\">[vc_column_text]<\/p>\n<div class=\"title-h5\">TURVALISUS<\/div>\n<p>Stabiilne ja kvaliteetne \u00fchendus v\u00f5imaldab oma varadel silma peal hoida ka kodust eemal olles. Turvas\u00fcsteemide abil saab kodus toimuvat j\u00e4lgida ja olla kindel, et \u00fckski kurikael ei himusta teie vara ega tormituul langeta puid majale. Hea \u00fchendus on abiks, et eemal olles ulatada virtuaalne abik\u00e4si seenioridele sotsiaalhoolduse rakenduste abil.<\/p>\n<p>[\/vc_column_text]<\/div><\/div><div class=\"clearboth\"><\/div><\/div>[\/vc_column_inner][vc_column_inner width=&#8221;1\/4&#8243;]<div class=\"sc-icon-with-text sc-icon-with-text-icon-size-big centered-box\"><div class=\"sc-icon-with-text-icon\"><div class=\"sc-icon sc-icon-size-big angle-90deg sc-icon-shape-circle\" style=\"border: 2px solid #d7e9b3;\"><span class=\"sc-icon-half-1\" style=\"color: #d7e9b3;\"><span class=\"back-angle\">&#xe6ab;<\/span><\/span><span class=\"sc-icon-half-2\" style=\"color: #a3cb4c;\"><span class=\"back-angle\">&#xe6ab;<\/span><\/span><\/div><\/div><div class=\"sc-icon-with-text-content\"><div class=\"sc-icon-with-text-text\">[vc_column_text]<\/p>\n<div class=\"title-h5\">MEELELAHUTUS<\/div>\n<p>DigiSaar \u00fchendus aitab sisustada Eesti pikki ja pimedaid \u00f5htuid \u2013 kodu lairiba\u00fchenduse kaudu j\u00f5uab telerisse kvaliteetne televisioon koos muude lisateenustega. Hea \u00fchendus v\u00f5imaldab osaleda sotsiaalmeedias, saada informatsiooni.<\/p>\n<p>[\/vc_column_text]<\/div><\/div><div class=\"clearboth\"><\/div><\/div>[\/vc_column_inner]<\/div><\/div>[\/vc_column][\/vc_row][vc_row][vc_column][vc_column_text]<\/p>\n<p>[\/vc_column_text][\/vc_column][\/vc_row][vc_row disable_element=&#8221;yes&#8221;][vc_column]<div class=\"fullwidth-block clearfix\" style=\"background-color: #f1f5f8;background-position: center top;background-attachment: fixed;padding-top: 10px;padding-bottom: 10px;padding-left: 25px;padding-right: 25px;\"><div class=\"container\">[vc_row_inner css=&#8221;.vc_custom_1504006002659{background-image: url(http:\/\/www.digisaar.ee\/ds\/wp-content\/uploads\/2017\/08\/Parallax-Background-Light-031-1024&#215;640.jpg?id=91) !important;}&#8221;][vc_column_inner width=&#8221;1\/2&#8243;][vc_column_text]<\/p>\n<div class=\"title-h3\">MISSUGUSEID TEENUSEID SAAB KASUTADA?<\/div>\n<p>[\/vc_column_text]<div class=\"sc-dropcap sc-dropcap-shape-circle sc-dropcap-style-medium\"><span class=\"sc-dropcap-letter\" style=\"color: #ffffff;background-color: #ff7070;\">D<\/span><\/div>[vc_column_text]igiSaar v\u00f5rgu\u00fchenduse peamiseks m\u00e4rks\u00f5naks on kvaliteet. \u00dchendus on stabiilne, mahukas, s\u00f5ltumatu. Samuti paindlik, sest iga tarbija saab endale kasutamiseks valida sobivad mahud ja teenused \u2013 nii interneti, televisiooni kui ka lauatelefoni, mis on k\u00f5ik \u00fchendatud \u00fchte v\u00f5rku. Nendele lisanduvad muud teenused, mis vajavad toimimiseks kvaliteetset ja stabiilset interneti\u00fchendust: turva-, pilve-, sotsiaalteenused. Vajadusel saab tekitada kodu \u00fcmbrusesse ka WiFi-v\u00f5rgu ning t\u00f6\u00f6tada kas aias istudes v\u00f5i mererannas olles[\/vc_column_text][vc_column_text]<\/p>\n<h3>KUIDAS DIGISAAR TEKIB?<\/h3>\n<p>[\/vc_column_text]<div class=\"sc-dropcap sc-dropcap-shape-circle sc-dropcap-style-medium\"><span class=\"sc-dropcap-letter\" style=\"color: #ffffff;background-color: #ff7070;\">D<\/span><\/div>[vc_column_text]DigiSaar \u00fchendus tuuakse majja valguskaabliga. Majani j\u00f5uab kaabel kas olemasolevate elektripostid k\u00fclge kinnitatuna v\u00f5i siis maaliini pidi. DigiSaar \u00fchendus ehitatakse nende majapidamisteni, mis on projektiga liitunud. Kaabliv\u00f5rk hakkab kuuluma omavalitsuste poolt loodavale v\u00f5rguettev\u00f5ttele, kes rendib omakorda v\u00f5rku teenusepakkujatele. Valikuv\u00f5imaluste paljusus teeb kasutamise soodsamaks.[\/vc_column_text][\/vc_column_inner][vc_column_inner width=&#8221;1\/2&#8243;]<div class=\"sc-image sc-wrapbox sc-wrapbox-style-default rounded-corners sc-wrapbox-position-below\" style=\"width: 0px;height: 0px;\"><div class=\"sc-wrapbox-inner\"><img decoding=\"async\" class=\"sc-wrapbox-element img-responsive\" src=\"\" alt=\"\"\/><\/div><\/div>[\/vc_column_inner][\/vc_row_inner]<\/div><\/div>[\/vc_column][\/vc_row][vc_row][vc_column]<div class=\"clearboth\"><\/div><div class=\"sc-divider\" style=\"border-color: #0a0a0a;\"><\/div>[\/vc_column][\/vc_row][vc_row disable_element=&#8221;yes&#8221;][vc_column width=&#8221;1\/3&#8243;]<div class=\"sc-textbox rounded-corners\"  style=\"border: 1px solid #d2dae1;\"><div class=\"sc-textbox-content\" style=\"background-position: center top;\">[vc_single_image image=&#8221;21&#8243; img_size=&#8221;full&#8221; css=&#8221;.vc_custom_1504008216887{margin-top: -25px !important;margin-right: -25px !important;margin-left: -25px !important;}&#8221;]<div class=\"sc-icon-with-text sc-icon-with-text-icon-size-small centered-box\"><div class=\"sc-icon-with-title sc-icon-with-title-icon-size-small\"><div class=\"sc-icon-with-title-icon\"><div class=\"sc-icon sc-icon-size-small  sc-icon-shape-circle\" style=\"border: 2px solid #58abb7;\"><span class=\"sc-icon-half-1\" style=\"color: #58abb7;\"><span class=\"back-angle\">&#xe674;<\/span><\/span><span class=\"sc-icon-half-2\" style=\"color: #58abb7;\"><span class=\"back-angle\">&#xe674;<\/span><\/span><\/div><\/div><div class=\"sc-iconed-title\"><h5 style=\"color: #58abb7;\">MILLAL HAKATAKSE EHITAMA?<\/h5><\/div><\/div><div class=\"sc-icon-with-text-content\"><div class=\"sc-icon-with-text-empty\"><\/div><div class=\"sc-icon-with-text-text\">[vc_column_text]Praegu on DigiSaar projekti ettevalmistav etapp, et selgitada v\u00e4lja, kuhu ja kui palju on vaja v\u00f5rku ehitada. Seej\u00e4rel luuakse v\u00f5rguettev\u00f5te ja viiakse l\u00e4bi rahastamine. Kogu ettevalmistav t\u00f6\u00f6 saab tehtud 2017. aasta jooksul. Valguskaabli v\u00f5rku hakatakse ehitama tuleval aasta ning t\u00e4psematest etappidest ja ajakavadest antakse \u00fcldsusele teada.[\/vc_column_text]<\/div><\/div><div class=\"clearboth\"><\/div><\/div><\/div><\/div>[\/vc_column][vc_column width=&#8221;1\/3&#8243;]<div class=\"sc-textbox rounded-corners\"  style=\"border: 1px solid #d2dae1;\"><div class=\"sc-textbox-content\" style=\"background-position: center top;\">[vc_single_image image=&#8221;16&#8243; img_size=&#8221;full&#8221; css=&#8221;.vc_custom_1504007499346{margin-top: -25px !important;margin-right: -25px !important;margin-left: -25px !important;}&#8221;]<div class=\"sc-icon-with-text sc-icon-with-text-icon-size-small centered-box\"><div class=\"sc-icon-with-title sc-icon-with-title-icon-size-small\"><div class=\"sc-icon-with-title-icon\"><div class=\"sc-icon sc-icon-size-small  sc-icon-shape-square\" style=\"border: 2px solid #ff7070;\"><span class=\"sc-icon-half-1\" style=\"color: #ff7070;\"><span class=\"back-angle\">&#xe66b;<\/span><\/span><span class=\"sc-icon-half-2\" style=\"color: #ff7070;\"><span class=\"back-angle\">&#xe66b;<\/span><\/span><\/div><\/div><div class=\"sc-iconed-title\"><h5 style=\"color: #58abb7;\">KES PAKUB TEENUST ?<\/h5><\/div><\/div><div class=\"sc-icon-with-text-content\"><div class=\"sc-icon-with-text-empty\"><\/div><div class=\"sc-icon-with-text-text\">[vc_column_text]<\/p>\n<p>DigiSaar v\u00f5rgu kaudu saavad tarbijale hakata teenust pakkuma k\u00f5ik sideteenuste pakkujad. Tarbija otsustab ise, missuguse teenusepakkuja teenust ta kasutada soovib.<\/p>\n<p>[\/vc_column_text]<\/div><\/div><div class=\"clearboth\"><\/div><\/div><\/div><\/div>[\/vc_column][vc_column width=&#8221;1\/3&#8243;]<div class=\"sc-textbox rounded-corners\"  style=\"border: 1px solid #d2dae1;\"><div class=\"sc-textbox-content\" style=\"background-position: center top;\">[vc_single_image image=&#8221;22&#8243; img_size=&#8221;full&#8221; css=&#8221;.vc_custom_1504008207113{margin-top: -25px !important;margin-right: -25px !important;margin-left: -25px !important;}&#8221;]<div class=\"sc-icon-with-text sc-icon-with-text-icon-size-small centered-box\"><div class=\"sc-icon-with-title sc-icon-with-title-icon-size-small\"><div class=\"sc-icon-with-title-icon\"><div class=\"sc-icon sc-icon-size-small  sc-icon-shape-square\" style=\"background-color: #ffffff;border: 2px solid #ff9d70;\"><span class=\"sc-icon-half-1\" style=\"color: #ff9d70;\"><span class=\"back-angle\">&#xe677;<\/span><\/span><span class=\"sc-icon-half-2\" style=\"color: #ff9d70;\"><span class=\"back-angle\">&#xe677;<\/span><\/span><\/div><\/div><div class=\"sc-iconed-title\"><h5 style=\"color: #58abb7;\">KUI PALJU SEE MAKSAB ?<\/h5><\/div><\/div><div class=\"sc-icon-with-text-content\"><div class=\"sc-icon-with-text-empty\"><\/div><div class=\"sc-icon-with-text-text\">[vc_column_text]<\/p>\n<p>DigiSaar projekti ehitamist toetab riik ning tegu ei ole kasumi teenimisele suunatud ettev\u00f5tmisega. Seet\u00f5ttu on ka v\u00f5rguga kohe alguses liitunutele liitumistasu minimaalne. Eeldatav liitumistasu peaks j\u00e4\u00e4ma m\u00f5nesaja euro piiresse. T\u00e4pne summa selgub ettevalmistavate t\u00f6\u00f6de k\u00e4igus. Edasine kuutasu s\u00f5ltub sellest, missuguseid teenuseid tarbija kasutab ja kes on teenusepakkuja. Kindlasti suudab see konkureerida t\u00e4na turul olevate teenusepakketide hindadega.<\/p>\n<p>[\/vc_column_text]<\/div><\/div><div class=\"clearboth\"><\/div><\/div><\/div><\/div>[\/vc_column][\/vc_row]<\/p>\n","protected":false},"excerpt":{"rendered":"<p>[vc_row][vc_column][vc_column_text css_animation=&#8221;none&#8221;] igiSaar on Saare maakonna omavalitsuste \u00fchisprojekt, mille eesm\u00e4rgiks on luua saarele kaasaegne IT-taristu, mis annab v\u00f5imaluse paremateks elu-&#8230;<\/p>\n","protected":false},"author":1,"featured_media":0,"parent":0,"menu_order":0,"comment_status":"closed","ping_status":"closed","template":"","meta":{"footnotes":""},"class_list":["post-9","page","type-page","status-publish","hentry"],"_links":{"self":[{"href":"https:\/\/www.digisaar.ee\/index.php?rest_route=\/wp\/v2\/pages\/9","targetHints":{"allow":["GET"]}}],"collection":[{"href":"https:\/\/www.digisaar.ee\/index.php?rest_route=\/wp\/v2\/pages"}],"about":[{"href":"https:\/\/www.digisaar.ee\/index.php?rest_route=\/wp\/v2\/types\/page"}],"author":[{"embeddable":true,"href":"https:\/\/www.digisaar.ee\/index.php?rest_route=\/wp\/v2\/users\/1"}],"replies":[{"embeddable":true,"href":"https:\/\/www.digisaar.ee\/index.php?rest_route=%2Fwp%2Fv2%2Fcomments&post=9"}],"version-history":[{"count":2,"href":"https:\/\/www.digisaar.ee\/index.php?rest_route=\/wp\/v2\/pages\/9\/revisions"}],"predecessor-version":[{"id":12,"href":"https:\/\/www.digisaar.ee\/index.php?rest_route=\/wp\/v2\/pages\/9\/revisions\/12"}],"wp:attachment":[{"href":"https:\/\/www.digisaar.ee\/index.php?rest_route=%2Fwp%2Fv2%2Fmedia&parent=9"}],"curies":[{"name":"wp","href":"https:\/\/api.w.org\/{rel}","templated":true}]}}